{"id":723,"date":"2022-08-17T18:41:39","date_gmt":"2022-08-17T16:41:39","guid":{"rendered":"https:\/\/www.maria-lamp.de\/?page_id=723"},"modified":"2024-09-06T11:58:43","modified_gmt":"2024-09-06T09:58:43","slug":"malerei","status":"publish","type":"page","link":"https:\/\/www.maria-lamp.de\/en\/malerei\/","title":{"rendered":"Artwork"},"content":{"rendered":"<p><a href=\"https:\/\/artspaces.kunstmatrix.com\/en\/exhibition\/11503761\/maria-rosina-lamp\">CLICK FOR VIRTUAL SHOWROOM<\/a><\/p>\n\n\n\n<div class=\"is-layout-flex wp-container-5 wp-block-columns are-vertically-aligned-top\">\n<div class=\"is-layout-flow wp-block-column is-vertically-aligned-top\">\n<figure class=\"wp-block-image size-large\"><a href=\"https:\/\/www.maria-lamp.de\/en\/portrait\/\"><img decoding=\"async\" loading=\"lazy\" width=\"896\" height=\"1024\" src=\"https:\/\/www.maria-lamp.de\/wp-content\/uploads\/2020\/01\/Rolf_2018_IT-1-896x1024.jpg\" alt=\"Portraits\" class=\"wp-image-245\" srcset=\"https:\/\/www.maria-lamp.de\/wp-content\/uploads\/2020\/01\/Rolf_2018_IT-1-896x1024.jpg 896w, https:\/\/www.maria-lamp.de\/wp-content\/uploads\/2020\/01\/Rolf_2018_IT-1-263x300.jpg 263w, https:\/\/www.maria-lamp.de\/wp-content\/uploads\/2020\/01\/Rolf_2018_IT-1-768x877.jpg 768w, https:\/\/www.maria-lamp.de\/wp-content\/uploads\/2020\/01\/Rolf_2018_IT-1.jpg 1250w\" sizes=\"(max-width: 896px) 100vw, 896px\" \/><\/a><figcaption class=\"wp-element-caption\">Portrait<\/figcaption><\/figure>\n<\/div>\n\n\n\n<div class=\"is-layout-flow wp-block-column is-vertically-aligned-top\">\n<figure class=\"wp-block-image size-large\"><a href=\"https:\/\/www.maria-lamp.de\/en\/akt\/\"><img decoding=\"async\" loading=\"lazy\" width=\"1024\" height=\"945\" src=\"https:\/\/www.maria-lamp.de\/wp-content\/uploads\/2020\/01\/Wolkenspringerin_2019_OLw_120x130_web-1024x945.jpg\" alt=\"\" class=\"wp-image-398\" srcset=\"https:\/\/www.maria-lamp.de\/wp-content\/uploads\/2020\/01\/Wolkenspringerin_2019_OLw_120x130_web-1024x945.jpg 1024w, https:\/\/www.maria-lamp.de\/wp-content\/uploads\/2020\/01\/Wolkenspringerin_2019_OLw_120x130_web-300x277.jpg 300w, https:\/\/www.maria-lamp.de\/wp-content\/uploads\/2020\/01\/Wolkenspringerin_2019_OLw_120x130_web-768x709.jpg 768w, https:\/\/www.maria-lamp.de\/wp-content\/uploads\/2020\/01\/Wolkenspringerin_2019_OLw_120x130_web.jpg 1250w\" sizes=\"(max-width: 1024px) 100vw, 1024px\" \/><\/a><figcaption class=\"wp-element-caption\">Figurative Painting<\/figcaption><\/figure>\n<\/div>\n\n\n\n<div class=\"is-layout-flow wp-block-column is-vertically-aligned-top\">\n<figure class=\"wp-block-image size-large\"><a href=\"https:\/\/www.maria-lamp.de\/en\/grafik\/\"><img decoding=\"async\" loading=\"lazy\" width=\"787\" height=\"1024\" src=\"https:\/\/www.maria-lamp.de\/wp-content\/uploads\/2020\/04\/Ute_2014_Aquarell_Stift_Papier-787x1024.jpg\" alt=\"\" class=\"wp-image-376\" srcset=\"https:\/\/www.maria-lamp.de\/wp-content\/uploads\/2020\/04\/Ute_2014_Aquarell_Stift_Papier-787x1024.jpg 787w, https:\/\/www.maria-lamp.de\/wp-content\/uploads\/2020\/04\/Ute_2014_Aquarell_Stift_Papier-231x300.jpg 231w, https:\/\/www.maria-lamp.de\/wp-content\/uploads\/2020\/04\/Ute_2014_Aquarell_Stift_Papier-768x999.jpg 768w, https:\/\/www.maria-lamp.de\/wp-content\/uploads\/2020\/04\/Ute_2014_Aquarell_Stift_Papier-1181x1536.jpg 1181w, https:\/\/www.maria-lamp.de\/wp-content\/uploads\/2020\/04\/Ute_2014_Aquarell_Stift_Papier.jpg 1250w\" sizes=\"(max-width: 787px) 100vw, 787px\" \/><\/a><figcaption class=\"wp-element-caption\">Graphic<\/figcaption><\/figure>\n<\/div>\n\n\n\n<div class=\"is-layout-flow wp-block-column is-vertically-aligned-top\">\n<figure class=\"wp-block-image size-large\"><a href=\"https:\/\/www.maria-lamp.de\/en\/landschaft\/\"><img decoding=\"async\" loading=\"lazy\" width=\"813\" height=\"1024\" src=\"https:\/\/www.maria-lamp.de\/wp-content\/uploads\/2020\/01\/Waldstueck_2017_40x50cm_web-813x1024.jpg\" alt=\"\" class=\"wp-image-333\" srcset=\"https:\/\/www.maria-lamp.de\/wp-content\/uploads\/2020\/01\/Waldstueck_2017_40x50cm_web-813x1024.jpg 813w, https:\/\/www.maria-lamp.de\/wp-content\/uploads\/2020\/01\/Waldstueck_2017_40x50cm_web-238x300.jpg 238w, https:\/\/www.maria-lamp.de\/wp-content\/uploads\/2020\/01\/Waldstueck_2017_40x50cm_web-768x967.jpg 768w, https:\/\/www.maria-lamp.de\/wp-content\/uploads\/2020\/01\/Waldstueck_2017_40x50cm_web-1220x1536.jpg 1220w, https:\/\/www.maria-lamp.de\/wp-content\/uploads\/2020\/01\/Waldstueck_2017_40x50cm_web.jpg 1250w\" sizes=\"(max-width: 813px) 100vw, 813px\" \/><\/a><figcaption class=\"wp-element-caption\">Landscape<\/figcaption><\/figure>\n<\/div>\n<\/div>\n\n\n\n<p><strong>Portraits<\/strong><\/p>\n\n\n\n<p>The portrait, this supreme discipline of painting, is the artist's special love \u2013 people have always been her central theme. She does not want to impress, amaze or surprise with her works. Rather, the paintings are an expression of a deep emotional touch that can and would like to take hold of the viewer with gentle fingers \u2013 as long as he or she allows it.<\/p>\n\n\n\n<p>\"...because there isn't a place that doesn't see you. You must change your life.\"<br>This is how Rainer Maria Rilke sums up the effect of a work of art on the viewer in a famous poem. One might think that the poet was standing in front of a portrait by Maria Rosina Lamp. Her portrayals of people are of a quiet intensity that immediately captivates; the straight, direct, open gaze of the portrayed \u2013 neither aggressively imposing nor soliciting sympathy \u2013 seems to penetrate to the bottom of the viewer's soul and to question his whole being: And who are you? (Katharina Tank)<\/p>","protected":false},"excerpt":{"rendered":"<p>VIRTUELLE AUSSTELLUNG \u2013 hier klicken und eintreten! Portraits Dem Portrait, dieser K\u00f6nigsdisziplin der Malerei, gilt die besondere Liebe der K\u00fcnstlerin \u2013 schon immer ist der Mensch ihr zentrales Thema gewesen. Sie will nicht beeindrucken, verbl\u00fcffen, \u00fcberraschen mit ihren Arbeiten. Die Bilder sind vielmehr Ausdruck eines tiefen emotionalen Anger\u00fchrtseins, das den Betrachter mit leisen Fingern ergreifen&hellip;<\/p>","protected":false},"author":1,"featured_media":0,"parent":0,"menu_order":0,"comment_status":"closed","ping_status":"closed","template":"","meta":{"content-type":"","_mo_disable_npp":""},"_links":{"self":[{"href":"https:\/\/www.maria-lamp.de\/en\/wp-json\/wp\/v2\/pages\/723"}],"collection":[{"href":"https:\/\/www.maria-lamp.de\/en\/wp-json\/wp\/v2\/pages"}],"about":[{"href":"https:\/\/www.maria-lamp.de\/en\/wp-json\/wp\/v2\/types\/page"}],"author":[{"embeddable":true,"href":"https:\/\/www.maria-lamp.de\/en\/wp-json\/wp\/v2\/users\/1"}],"replies":[{"embeddable":true,"href":"https:\/\/www.maria-lamp.de\/en\/wp-json\/wp\/v2\/comments?post=723"}],"version-history":[{"count":56,"href":"https:\/\/www.maria-lamp.de\/en\/wp-json\/wp\/v2\/pages\/723\/revisions"}],"predecessor-version":[{"id":1236,"href":"https:\/\/www.maria-lamp.de\/en\/wp-json\/wp\/v2\/pages\/723\/revisions\/1236"}],"wp:attachment":[{"href":"https:\/\/www.maria-lamp.de\/en\/wp-json\/wp\/v2\/media?parent=723"}],"curies":[{"name":"wp","href":"https:\/\/api.w.org\/{rel}","templated":true}]}}