{"id":2,"date":"2019-02-27T15:48:44","date_gmt":"2019-02-27T14:48:44","guid":{"rendered":"https:\/\/www.maria-lamp.de\/?page_id=2"},"modified":"2026-04-16T10:39:28","modified_gmt":"2026-04-16T08:39:28","slug":"beispiel-seite","status":"publish","type":"page","link":"https:\/\/www.maria-lamp.de\/en\/beispiel-seite\/","title":{"rendered":"About me"},"content":{"rendered":"<div class=\"wp-block-image\">\n<figure class=\"alignright\"><img decoding=\"async\" loading=\"lazy\" width=\"300\" height=\"231\" src=\"https:\/\/www.maria-lamp.de\/wp-content\/uploads\/2020\/01\/Maria_Wachsbuesten_rund-300x231.jpg\" alt=\"\" class=\"wp-image-179\" srcset=\"https:\/\/www.maria-lamp.de\/wp-content\/uploads\/2020\/01\/Maria_Wachsbuesten_rund-300x231.jpg 300w, https:\/\/www.maria-lamp.de\/wp-content\/uploads\/2020\/01\/Maria_Wachsbuesten_rund-768x590.jpg 768w, https:\/\/www.maria-lamp.de\/wp-content\/uploads\/2020\/01\/Maria_Wachsbuesten_rund-1024x787.jpg 1024w\" sizes=\"(max-width: 300px) 100vw, 300px\" \/><figcaption class=\"wp-element-caption\">Installation with wax busts, 2007<\/figcaption><\/figure><\/div>\n\n\n<p>1957 born in Illertissen\/Bavaria<br>1978 Abitur at the College of the School Brothers in Illertissen<br>1981 Diploma in graphic design at the Meisterschule f\u00fcr Mode in Munich<br>Lives and works since 1981 as a freelance graphic designer and artist <br>in Feldafing on Lake Starnberg<br>1991-1993 Etching with Stefan Britt, Gauting<br>1996-2006 Oil painting, composition, portrait with Sasha Schwartz, Munich.<br>2005-2009 Nude and Portrait with Werner Maier, Academy Bad Reichenhall and Hohenaschau<br>2020\/2021 Free painting with Prof. Markus L\u00fcpertz, Academy of Fine Arts Kolbermoor<br>2022 Colour painting with Prof. Jerry Zeniuk and Ingrid Floss, Bad Reichenhall Academy<\/p>\n\n\n\n<p><\/p>\n\n\n\n<p><strong>Awards<\/strong><br>2025 Publikumspreis (1. Platz) bei der Jahresausstellung des Kunstvereins Starnberg<br>2024 Publikumspreis (2. Platz) bei der Jahresausstellung des Kunstvereins Starnberg<br>2020 Regionaler Wettbewerb der mse-Kunsthalle Unterammergau, Shortlist der acht besten Werke, Kategorie Malerei<br>2001 Art Prize of the City of Starnberg, 3rd prize<\/p>\n\n\n\n<p><strong>Mitgliedschaften<br><\/strong>Bundesverband Bildender K\u00fcnstler (BBK) Schwaben Nord und Augsburg (seit 2024)<br>Kunstverein Starnberg e.V.<br>Kulturverein Berg e.V.<\/p>\n\n\n\n<p><strong>Galerievertretung<br><\/strong>The Muisca \u2013 Galerie d\u2019Art \u2013 Le Marais, 8 rue d\u2019Ormesson 75004, Paris<\/p>\n\n\n\n<p><strong>Soloshow<\/strong><br>2023 &#8222;LichtBlick&#8220;, Galerie Paulo de Brito, Starnberg<br>2007 \u201eQuintessenz\u201d, Rathaus Tutzing<br>1995 \u201ePortrait, Akt, Landschaft\u201d, Galerie Weihs, Starnberg<\/p>\n\n\n<div class=\"wp-block-image\">\n<figure class=\"alignleft\"><img decoding=\"async\" loading=\"lazy\" width=\"1024\" height=\"553\" src=\"https:\/\/www.maria-lamp.de\/wp-content\/uploads\/2020\/01\/Kunstsalon_EL-1024x553.jpg\" alt=\"\" class=\"wp-image-35\" srcset=\"https:\/\/www.maria-lamp.de\/wp-content\/uploads\/2020\/01\/Kunstsalon_EL-1024x553.jpg 1024w, https:\/\/www.maria-lamp.de\/wp-content\/uploads\/2020\/01\/Kunstsalon_EL-300x162.jpg 300w, https:\/\/www.maria-lamp.de\/wp-content\/uploads\/2020\/01\/Kunstsalon_EL-768x415.jpg 768w, https:\/\/www.maria-lamp.de\/wp-content\/uploads\/2020\/01\/Kunstsalon_EL.jpg 1250w\" sizes=\"(max-width: 1024px) 100vw, 1024px\" \/><\/figure><\/div>\n\n\n<p><strong>Ausstellungsbeteiligungen<\/strong><br>2026<br>&#8222;Insolite 12 heures 2026&#8220;, Champignonni\u00e8re des Carri\u00e8res, Evecquemont, Frankreich<\/p>\n\n\n\n<p>2025<br>&#8222;Plastic Phantastic?&#8220; mit Paulo de Brito, Angelika Hubner, Kulturzentrum Waitzinger Keller, Miesbach<br>EMOTIONART-E, Galerie The Muisca Art Space, Paris, Frankreich<br>&#8222;Unterm Strich&#8220;, 13 Positionen, Art \u23a2Atelier Paulo de Brito, Starnberg <br>CYCLES ET TRANSFIGURATIONS, Galerie The Muisca Art Space, Paris, Frankreich<br>\u00c9VOLUTION FLUIDE, Galerie The Muisca Art Space, Paris, Frankreich<\/p>\n\n\n\n<p>2024<br>INTERFLUX ART, 14 Positionen, Galerie ARTOUI, M\u00fcnchen<br>&#8222;Verr\u00fcckte Zeiten&#8220;, Jahresausstellung des Kunstvereins Starnberg, Schlossberghalle Starnberg<br>&#8222;Connected IV \u2013 Die Zuversicht&#8220;, BBK-Galerie im Glaspalast, Augsburg<br>Kunstmesse ARTe Wiesbaden, kuratiert und geleitet von Vivien Rathjen<br>&#8222;INSEL&#8220;, 12 Positionen, Art \u23a2Atelier Paulo de Brito, Starnberg<br>Jahresausstellung M\u00fcnchener K\u00fcnstlergenossenschaft MKG, K\u00fcnstlerhaus, M\u00fcnchen<\/p>\n\n\n\n<p>2023<br>&#8222;Im Schatten des Goldes&#8220;, Cristiana Biron, Paulo de Brito, Maria Rosina Lamp, Sanna Myrttinen <br>im Art \u23a2Atelier Paulo de Brito, Starnberg<br>&#8222;40-Jahre Kunstverein Starnberg&#8220;, Jahresausstellung, Schlossberghalle Starnberg<br>&#8222;Unter freiem Himmel&#8220;, Landschaftsmalerei am Starnberger See, Eventlocation LA\u2008VILLA, Niederp\u00f6cking<br>&#8222;Flores e Paisagem&#8220;, Maria Coutinho, Paulo de Brito, Maria Rosina Lamp im Art \u23a2Atelier Paulo de Brito, Starnberg<br>&#8222;Leben im Nebel&#8220;, 10 Positionen, Art \u23a2Atelier Paulo de Brito, Starnberg<br>&#8222;Ohne Masken&#8220;, 46. Kunstpreis der Kulturstiftung der Sparkasse Karlsruhe, Karlsruhe<br>Jahresausstellung M\u00fcnchener K\u00fcnstlergenossenschaft MKG, K\u00fcnstlerhaus, M\u00fcnchen<\/p>\n\n\n\n<p>2022 <br>&#8222;SEE YOU&#8220; mit Paulo de Brito, Galerie Paulo de Brito, Starnberg<br>&#8222;Plastic Phantastic?&#8220; mit Paulo de Brito, Angelika Hubner, Helmi Iwan, Sabina Schrenker, Art \u23a2Atelier Paulo de Brito, Starnberg<br>&#8222;AKTion&#8220; &#8211; Akt im Marstall am See, Berg  <br>&#8222;4xART&#8220; mit Paulo de Brito, Caroli Dienst, Werner Maier, Art \u23a2Atelier Paulo de Brito, Starnberg<\/p>\n\n\n\n<p>2021<br>&#8222;Schwungvoll&#8220; mit Caroli Dienst und Werner Maier, Wessel-Management, M\u00fcnchen<br>&#8222;faces&#8220; mit Paulo de Brito, Art \u23a2Atelier Paulo de Brito, Starnberg<\/p>\n\n\n\n<p>2020<br> &#8222;Portrait und Haltung in Malerei und Skulptur&#8220;, Oleg Kuzenko, Maria Rosina Lamp, Jozek Nowak im Atelier&amp;Galerie Silberhorn, P\u00f6cking\/Maising<br>&#8222;REFLEXIONEN&#8220;, Kloster Benediktbeuern, Paulo de Brito, Maria Rosina Lamp, Anna Maria Kelley, Ulla Ott<\/p>\n\n\n\n<p>2018 \u201eDiesseits von Eden\u201c mit Paulo de Brito, Tempor\u00e4rer Kunstsalon 5, Starnberg<br>2017 &#8222;Schwebend&#8220; mit Caroli Dienst und Werner Maier, Wessel-Management, M\u00fcnchen<br>2016 &#8222;Anwesend&#8220;, 25 K\u00fcnstler aus Feldafing, BRK Schlo\u00df Garatshausen<br>2014 &#8222;schabernAKT&#8220;, Akt im Marstall am See, Berg<br>2013 &#8222;schabernAKT&#8220;, Akt im Marstall am See, Berg<br>2009 &#8222;Malerei am See. 1989 bis 2009&#8220;, 20 Jahre Kunstpreis der Stadt Starnberg<br>2009 Installation mit Wachsb\u00fcsten im Marstall in Berg im Rahmen der Jahresausstellung des Kulturvereines Berg<br>2001 Kunstpreis der Stadt Starnberg, Schlossberghalle Starnberg<br>1993 &#8222;Radierung&#8220;, Galerie der Kreissparkasse Starnberg<br>1992 &#8222;Radierung&#8220;, Kurparkschl\u00f6\u00dfchen Herrsching<br>seit 1992 regelm\u00e4\u00dfige Teilnahme an den Jahresausstellungen des Kunstvereins Starnberg<\/p>\n\n\n\n<p><strong>Acquisitions<\/strong><br>Stadt Starnberg<br>Private Sammler<br><br><strong>Publications<\/strong><br>Jahreskatalog M\u00fcnchener K\u00fcnstlergenossenschaft MKG. 2023. 2024.<br>Anwesend. 25 K\u00fcnstler aus Feldafing. 2016<br>Internationale Kunst heute. 2015<br>Malerei am See. 1989 bis 2009. 20 Jahre Kunstpreis der Stadt Starnberg<br>Kunst im Quadrat, Jubil\u00e4umsausstellung 2008<br><\/p>","protected":false},"excerpt":{"rendered":"<p>1957 geboren in Illertissen\/Bayern1978 Abitur am Kolleg der Schulbr\u00fcder in Illertissen1981 Diplom in Grafikdesign an der Meisterschule f\u00fcr Mode in M\u00fcnchenLebt und arbeitet seit 1981 als selbst\u00e4ndige Grafikerin und K\u00fcnstlerin in Feldafing am Starnberger See1991-1993 Radierung bei Stefan Britt, Gauting1996-2006 \u00d6lmalerei, Komposition, Portrait bei Sasha Schwartz, M\u00fcnchen.2005\u20132009 Akt und Portrait bei Werner Maier, Akademie Bad&hellip;<\/p>","protected":false},"author":1,"featured_media":31,"parent":0,"menu_order":0,"comment_status":"closed","ping_status":"open","template":"","meta":{"content-type":"","_mo_disable_npp":""},"_links":{"self":[{"href":"https:\/\/www.maria-lamp.de\/en\/wp-json\/wp\/v2\/pages\/2"}],"collection":[{"href":"https:\/\/www.maria-lamp.de\/en\/wp-json\/wp\/v2\/pages"}],"about":[{"href":"https:\/\/www.maria-lamp.de\/en\/wp-json\/wp\/v2\/types\/page"}],"author":[{"embeddable":true,"href":"https:\/\/www.maria-lamp.de\/en\/wp-json\/wp\/v2\/users\/1"}],"replies":[{"embeddable":true,"href":"https:\/\/www.maria-lamp.de\/en\/wp-json\/wp\/v2\/comments?post=2"}],"version-history":[{"count":131,"href":"https:\/\/www.maria-lamp.de\/en\/wp-json\/wp\/v2\/pages\/2\/revisions"}],"predecessor-version":[{"id":1531,"href":"https:\/\/www.maria-lamp.de\/en\/wp-json\/wp\/v2\/pages\/2\/revisions\/1531"}],"wp:featuredmedia":[{"embeddable":true,"href":"https:\/\/www.maria-lamp.de\/en\/wp-json\/wp\/v2\/media\/31"}],"wp:attachment":[{"href":"https:\/\/www.maria-lamp.de\/en\/wp-json\/wp\/v2\/media?parent=2"}],"curies":[{"name":"wp","href":"https:\/\/api.w.org\/{rel}","templated":true}]}}